{"id":49,"date":"2017-01-16T15:05:05","date_gmt":"2017-01-16T15:05:05","guid":{"rendered":"http:\/\/www.i4e.be\/?page_id=49"},"modified":"2022-11-30T20:23:20","modified_gmt":"2022-11-30T20:23:20","slug":"repertoire","status":"publish","type":"page","link":"http:\/\/www.i4e.be\/?page_id=49","title":{"rendered":"R\u00e9pertoire"},"content":{"rendered":"<p><a href=\"http:\/\/www.i4e.be\/wp-content\/uploads\/2022\/11\/i4e-2022-scaled.jpeg\"><img decoding=\"async\" loading=\"lazy\" class=\"alignnone wp-image-2583 size-full\" src=\"http:\/\/www.i4e.be\/wp-content\/uploads\/2022\/11\/i4e-2022-scaled.jpeg\" alt=\"\" width=\"2560\" height=\"1274\" srcset=\"http:\/\/www.i4e.be\/wp-content\/uploads\/2022\/11\/i4e-2022-scaled.jpeg 2560w, http:\/\/www.i4e.be\/wp-content\/uploads\/2022\/11\/i4e-2022-300x150.jpeg 300w, http:\/\/www.i4e.be\/wp-content\/uploads\/2022\/11\/i4e-2022-1024x509.jpeg 1024w, http:\/\/www.i4e.be\/wp-content\/uploads\/2022\/11\/i4e-2022-768x382.jpeg 768w, http:\/\/www.i4e.be\/wp-content\/uploads\/2022\/11\/i4e-2022-1536x764.jpeg 1536w, http:\/\/www.i4e.be\/wp-content\/uploads\/2022\/11\/i4e-2022-2048x1019.jpeg 2048w\" sizes=\"(max-width: 2560px) 100vw, 2560px\" \/><\/a><\/p>\n<p><strong>R\u00e9pertoire interpr\u00e9t\u00e9 par I Quattro Elementi<\/strong><\/p>\n<p>ABSIL Jean :<\/p>\n<p style=\"padding-left: 30px;\">Bestiaire<br \/>\nZoo<\/p>\n<p>AICHINGER Gregor:<\/p>\n<p style=\"padding-left: 30px;\">Factus est repente<br \/>\nRegina Coeli<\/p>\n<p>ARCHANGELSKY :<\/p>\n<p style=\"padding-left: 30px;\">K Bogoroditze Prilejno<br \/>\nHvaliti\u00e9 imia Gospodni\u00e9<\/p>\n<p>BACH J.S. :<\/p>\n<p style=\"padding-left: 30px;\">Messe en Si<br \/>\nPassion selon St Jean<br \/>\nOratorio de l&#8217;Ascension BWV11<br \/>\nCantate &#8220;Christ lag in Todes Banden&#8221; BWV4<br \/>\nCantate de P\u00e2ques &#8220;Ein Hertz das seinen Jesum Leben&#8221;<br \/>\nMotet &#8220;Jesu, meine Freude&#8221; BWV227<br \/>\nMotet &#8220;Lobet den Hern,alle Heiden&#8221; BWV230<br \/>\nMotet &#8220;Ich lasse dich nicht, du segnet mich denn&#8221;<br \/>\nFugue BWV578 (arrangement Ward Swingle)<br \/>\nBourr\u00e9e (arrangement Ward Swingle)<\/p>\n<p>BACH J. Micha\u00ebl :<\/p>\n<p style=\"padding-left: 30px;\">Motet &#8220;Halt, was du hast&#8221;<br \/>\n&#8220;F\u00fcrchtet euch nicht&#8221;<br \/>\n&#8220;Herr, ich warte auf dein Heil&#8221;<br \/>\n&#8220;Herr,wenn ich nur dich habe&#8221;<br \/>\n&#8220;Halt,was du hast&#8221;<br \/>\n&#8220;Unser Leben w\u00e4rhet siebenzig Jahr&#8221;<\/p>\n<p>BACH J. Christoph :<\/p>\n<p style=\"padding-left: 30px;\">&#8220;Der Mensch, vom Weibe geboren&#8221;<\/p>\n<p>BANCHIERI :<\/p>\n<p style=\"padding-left: 30px;\">Contrappunto bestiale alla mente<\/p>\n<p>BARDOS :<\/p>\n<p style=\"padding-left: 30px;\">Cantemus<\/p>\n<p>BARNBY :<\/p>\n<p style=\"padding-left: 30px;\">Sweet and low<\/p>\n<p>BARTOK :<\/p>\n<p style=\"padding-left: 30px;\">Four Slovak Folksongs<\/p>\n<p>BERLIOZ :<\/p>\n<p style=\"padding-left: 30px;\">Adieux des bergers \u00e0 la Ste famille<\/p>\n<p>BOFF :<\/p>\n<p style=\"padding-left: 30px;\">Mia Madre<\/p>\n<p>BORTNIANSKY :<\/p>\n<p style=\"padding-left: 30px;\">Ige Herouvimy<\/p>\n<p>BOVET :<\/p>\n<p style=\"padding-left: 30px;\">La fanfare du printemps<\/p>\n<p>BRAHMS :<\/p>\n<p style=\"padding-left: 30px;\">Ziegeunerlieder<br \/>\nLiebeslieder<\/p>\n<p>BUSTO :<\/p>\n<p style=\"padding-left: 30px;\">Ave Maria<\/p>\n<p>BUXTEHUDE Dietrich :<\/p>\n<p style=\"padding-left: 30px;\">Magnificat anima mea<br \/>\nF\u00fcrwahr, er trug unsere Krankheit<\/p>\n<p>BYRD William :<\/p>\n<p style=\"padding-left: 30px;\">Ave Verum Corpus<br \/>\nO Magnum Mysterium<\/p>\n<p>CLEMENS (non Papa) :<\/p>\n<p style=\"padding-left: 30px;\">Jaquin Jaquet<\/p>\n<p>CRECQUILLON Thomas :<\/p>\n<p style=\"padding-left: 30px;\">Un gai berger<\/p>\n<p>DANIEL Etienne :<\/p>\n<p style=\"padding-left: 30px;\">Oh ! Want to go Heaven<\/p>\n<p>DAWSON W.L. :<\/p>\n<p style=\"padding-left: 30px;\">Ain&#8217;a that Good News<\/p>\n<p>DEBUSSY Claude :<\/p>\n<p style=\"padding-left: 30px;\">Trois chansons de Charles d&#8217;Orl\u00e9ans<br \/>\nO qu&#8217;heureuse est ma fortune<\/p>\n<p>DEON A :<\/p>\n<p style=\"padding-left: 30px;\">Au clair de la lune (harmonis\u00e9 par A. D\u00e9eon)<\/p>\n<p>DOBOS Kalman :<\/p>\n<p style=\"padding-left: 30px;\">Kyrie (Missa Brevis)<\/p>\n<p>DURUFL\u00c9 :<\/p>\n<p style=\"padding-left: 30px;\">Quatre motets<\/p>\n<p>DUCRET Andr\u00e9 :<\/p>\n<p style=\"padding-left: 30px;\">Les Roses rouges<\/p>\n<p>FARMER John :<\/p>\n<p style=\"padding-left: 30px;\">Fair Phillis I saw<\/p>\n<p>FRASER-SIMPSON H. :<\/p>\n<p style=\"padding-left: 30px;\">Christopher Robin is saying his prayers<\/p>\n<p>FAURE Gabriel :<\/p>\n<p style=\"padding-left: 30px;\">Cantique de Jean Racine<\/p>\n<p>FRANCK C\u00e9sar :<\/p>\n<p style=\"padding-left: 30px;\">Notre Dame de Foy<\/p>\n<p>HAENDEL G.F. : Canticorum jubilo<\/p>\n<p>HANDL J.(1550-91) :<\/p>\n<p style=\"padding-left: 30px;\">Orietur Stella<\/p>\n<p>HASSLER H.L.(1564-1612):<\/p>\n<p style=\"padding-left: 30px;\">Dixit Maria<br \/>\nCantate Domino<\/p>\n<p>HAYDN J.:<\/p>\n<p style=\"padding-left: 30px;\">Salve Regina<br \/>\nDer Augenblick<br \/>\nDie Harmonie in der Ehe<br \/>\nAbendlied zu Gott<br \/>\nStabat Mater<\/p>\n<p>HAYDN M. : Cantate de No\u00ebl<\/p>\n<p>JANEQUIN C. :<\/p>\n<p style=\"padding-left: 30px;\">La guerre<\/p>\n<p>JONGEN J. :<\/p>\n<p style=\"padding-left: 30px;\">Messe op 130 (chant\u00e9 dans le cadre d&#8217;un anniversaire Jongen,<br \/>\navec plusieurs autres chorales)<\/p>\n<p>KAELIN P. :<\/p>\n<p style=\"padding-left: 30px;\">Carrousel<\/p>\n<p>KODALY Z. :<\/p>\n<p style=\"padding-left: 30px;\">Esti Dal \/ Abendlied<\/p>\n<p>KRATOCHWIL H. :<\/p>\n<p style=\"padding-left: 30px;\">Bim, Bam, Boum<\/p>\n<p>KVERNO T.(1976) :<\/p>\n<p style=\"padding-left: 30px;\">Ave maris stella<\/p>\n<p>LASSUS O.(1570) :<\/p>\n<p style=\"padding-left: 30px;\">Messe super Entre vous filles<br \/>\nRegina coeli<br \/>\nAlma redemptoris<br \/>\nUne puce<\/p>\n<p>LEJEUNE Cl. (1603) :<\/p>\n<p style=\"padding-left: 30px;\">Voici venir du printemps<\/p>\n<p>LIRINE :<\/p>\n<p style=\"padding-left: 30px;\">Nynie Otpouchtchaiechy<\/p>\n<p>LOTTI A. :<\/p>\n<p style=\"padding-left: 30px;\">Missa Brevis<\/p>\n<p>M\u00c4NTYJ\u00c4RVI J. :<\/p>\n<p style=\"padding-left: 30px;\">Four Shakespeare songs<\/p>\n<p>MARENZIO L. (1553-99) :<\/p>\n<p style=\"padding-left: 30px;\">Hodie Christus natus est<\/p>\n<p>MAUDUIT J. :(renaissance):<\/p>\n<p style=\"padding-left: 30px;\">Voyci le verd et beau may<\/p>\n<p>MENDELSSOHN :<\/p>\n<p style=\"padding-left: 30px;\">Drei Geistliches Lied<br \/>\nNeujahrslied<br \/>\nIm Gr\u00fcnen (op 59\/1)<br \/>\nFr\u00fchzeitiger Fr\u00fchling (op 59\/2)<br \/>\nAbschied vom Walde (op 59\/3)<br \/>\nDie Nachtigall (op 59\/4)<br \/>\nRuhetal (op 59\/5)<br \/>\nJagdlied (op 59\/6)<br \/>\nVier Lieder op 100<\/p>\n<p>MONTEVERDI :<\/p>\n<p style=\"padding-left: 30px;\">Messa a 4 da Cappella (kyrie et agnus)<br \/>\nSi ch&#8217;io vorei morire<br \/>\nAnima dolorosa<br \/>\nVago augelletto<br \/>\nA Dio Florida bella<br \/>\nHor ch&#8217;el Ciel e la Terra<br \/>\nSfogava con le stelle<br \/>\nVolgea l&#8217;anima<br \/>\nCor mio mentre vi miro<br \/>\nPiagne e sospira<br \/>\nLasciate mi morire<br \/>\nO Teseo, Teseo mio<\/p>\n<p>MORLEY Th.(ren.):<\/p>\n<p style=\"padding-left: 30px;\">Now is the month of Maying<\/p>\n<p>MOZART :<\/p>\n<p style=\"padding-left: 30px;\">Missa Brevis KV 140<br \/>\nMissa Brevis KV 194<br \/>\nAve verum corpus<\/p>\n<p>PALESTRINA :<\/p>\n<p style=\"padding-left: 30px;\">Missa brevis<\/p>\n<p>PASSEREAU P. (1536) :<\/p>\n<p style=\"padding-left: 30px;\">Il est bel et bon<\/p>\n<p>PHILIPS P. (1561-1628) :<\/p>\n<p style=\"padding-left: 30px;\">O beatum et sacrosanctum diem<\/p>\n<p>POULENC :<\/p>\n<p style=\"padding-left: 30px;\">Petites voix (choeur 1,3,pour voix de femmes)<br \/>\nLes tisserands<br \/>\nTenebrea factae sunt<br \/>\nAve verum corpus<br \/>\nQuatre pri\u00e8res \u00e0 St Fran\u00e7ois ( pour voix d&#8217;hommes)<br \/>\nQuatre motets pour le temps de No\u00ebl<\/p>\n<p>PURCELL :<\/p>\n<p style=\"padding-left: 30px;\">Fun\u00e9railles de la reine Mary ( Le Chanteau 1990 ?)<br \/>\nThou knowest, Lord, the secrets of our hearts<\/p>\n<p>RAMIREZ :<\/p>\n<p style=\"padding-left: 30px;\">Misa Criolla<\/p>\n<p>RAUTAVAARA E. (1960) :<\/p>\n<p style=\"padding-left: 30px;\">Ludus verbalis<\/p>\n<p>RAVEL :<\/p>\n<p style=\"padding-left: 30px;\">Trois chansons pour choeur mixte<\/p>\n<p>PRAETORIUS :<\/p>\n<p style=\"padding-left: 30px;\">Es ist ein Ros entsprungen<\/p>\n<p>ST SAENS :<\/p>\n<p style=\"padding-left: 30px;\">Calme des nuits<\/p>\n<p>SCARLATTI :<\/p>\n<p style=\"padding-left: 30px;\">Exultate Deo<\/p>\n<p>SCHUBERT :<\/p>\n<p style=\"padding-left: 30px;\">Deutsche Messe<\/p>\n<p>SCH\u00dcTZ :<\/p>\n<p style=\"padding-left: 30px;\">Jauchzet dem Herren<\/p>\n<p>SERMISY (ren.) :<\/p>\n<p style=\"padding-left: 30px;\">Tant que vivrai<br \/>\nMartin menait son pourceau<\/p>\n<p>STANFORD :<\/p>\n<p style=\"padding-left: 30px;\">The blue bird<\/p>\n<p>SULLIVAN A.(1842-1900) :<\/p>\n<p style=\"padding-left: 30px;\">Yea, though I walk<\/p>\n<p>SWEELINCK (1562-1621) :<\/p>\n<p style=\"padding-left: 30px;\">Hodie Christus natus est<\/p>\n<p>VERDI :<\/p>\n<p style=\"padding-left: 30px;\">Ave Maria (scala enigmatica)<\/p>\n<p>VERNY :<\/p>\n<p style=\"padding-left: 30px;\">Le soleil et la lune (Charles Trenet)<br \/>\nLa java du rat<br \/>\nArmstrong<br \/>\nRoute nationale 7<br \/>\nNobody knows<br \/>\nGo down, Moses<\/p>\n<p>VICTORIA T.L. (1548-1611) :<\/p>\n<p style=\"padding-left: 30px;\">O magnum mysterium<br \/>\nAve, Maria, gratia plena<\/p>\n","protected":false},"excerpt":{"rendered":"<p>R\u00e9pertoire interpr\u00e9t\u00e9 par I Quattro Elementi ABSIL Jean : Bestiaire Zoo AICHINGER Gregor: Factus est repente Regina Coeli ARCHANGELSKY : K Bogoroditze Prilejno Hvaliti\u00e9 imia Gospodni\u00e9 BACH J.S. : Messe &#8230;<\/p>\n","protected":false},"author":1,"featured_media":0,"parent":0,"menu_order":0,"comment_status":"closed","ping_status":"closed","template":"","meta":{"_coblocks_attr":"","_coblocks_dimensions":"","_coblocks_responsive_height":"","_coblocks_accordion_ie_support":"","footnotes":""},"_links":{"self":[{"href":"http:\/\/www.i4e.be\/index.php?rest_route=\/wp\/v2\/pages\/49"}],"collection":[{"href":"http:\/\/www.i4e.be\/index.php?rest_route=\/wp\/v2\/pages"}],"about":[{"href":"http:\/\/www.i4e.be\/index.php?rest_route=\/wp\/v2\/types\/page"}],"author":[{"embeddable":true,"href":"http:\/\/www.i4e.be\/index.php?rest_route=\/wp\/v2\/users\/1"}],"replies":[{"embeddable":true,"href":"http:\/\/www.i4e.be\/index.php?rest_route=%2Fwp%2Fv2%2Fcomments&post=49"}],"version-history":[{"count":5,"href":"http:\/\/www.i4e.be\/index.php?rest_route=\/wp\/v2\/pages\/49\/revisions"}],"predecessor-version":[{"id":2584,"href":"http:\/\/www.i4e.be\/index.php?rest_route=\/wp\/v2\/pages\/49\/revisions\/2584"}],"wp:attachment":[{"href":"http:\/\/www.i4e.be\/index.php?rest_route=%2Fwp%2Fv2%2Fmedia&parent=49"}],"curies":[{"name":"wp","href":"https:\/\/api.w.org\/{rel}","templated":true}]}}