{"id":41,"date":"2017-01-16T15:03:51","date_gmt":"2017-01-16T15:03:51","guid":{"rendered":"http:\/\/www.i4e.be\/?page_id=41"},"modified":"2022-11-30T19:24:43","modified_gmt":"2022-11-30T19:24:43","slug":"chef-de-choeur","status":"publish","type":"page","link":"https:\/\/www.i4e.be\/?page_id=41","title":{"rendered":"Chef de ch\u0153ur"},"content":{"rendered":"<p><strong><a href=\"http:\/\/www.i4e.be\/wp-content\/uploads\/2022\/10\/BorisKondov.jpg\"><img decoding=\"async\" loading=\"lazy\" class=\"wp-image-2520 alignleft\" src=\"http:\/\/www.i4e.be\/wp-content\/uploads\/2022\/10\/BorisKondov-300x200.jpg\" alt=\"\" width=\"290\" height=\"193\" \/><\/a><\/strong><\/p>\n<div>\n<div><strong>Boris Kondov<\/strong><\/div>\n<div><\/div>\n<div>Chanteur et chef de choeur, Boris Kondov est n\u00e9 \u00e0 Ath (Belgique) en 1990. Apr\u00e8s des cours de formation musicale, piano et art dramatique, il d\u00e9couvre l\u2019art du chant au sein de la man\u00e9canterie Les Petits Chanteurs de Belgique. Il y d\u00e9veloppe une voix de contret\u00e9nor et d\u00e9cide de s\u2019orienter vers une formation vocale dans ce type de voix. En 2008, il entreprend des \u00e9tudes artistiques\u00a0 au Conservatoire Royal de Mons puis de Bruxelles o\u00f9 il obtient un Master\u00a0 et\u00a0 une agr\u00e9gation en chant dans la classe de Marcel Vanaud. Passionn\u00e9 de musique ancienne, Boris a suivi de nombreuses masterclasses\u00a0 avec Nicolas Achten, Maria-Christina Kiehr et Rosa Dominguez. Il s\u2019est aussi perfectionn\u00e9 aupr\u00e8s d\u2019Axel Everaert. On peut le retrouver dans des r\u00e9citals solistes ou au sein d\u2019ensemble vocaux comme le Choeur de Chambre de Namur, The New Baroque Times Voices ou encore Swara.<\/div>\n<div>D\u00e9sireux de renouer avec le chant choral, ce \u00ab terreau \u00bb qui lui a donn\u00e9 go\u00fbt au chant, Boris Kondov prend d\u2019abord la direction du choeur de femmes Les Meslinotes. En outre il cr\u00e9\u00e9 et dirige plusieurs chorales \u00e0 Bruxelles tels que Les Voix d\u2019Orph\u00e9e, La Psalette de Bruxelles ou le Choeur Sammartini. Parall\u00e8lement il r\u00e9alise des \u00e9tudes de direction qu\u2019il entame avec Denis Menier au Conservatoire Royal de Mons et termine en 2021 au Conservatoire Royal de Bruxelles dans la classe de Charles Michiels. Aujourd\u2019hui, on le retrouve \u00e0 la direction de trois choeurs : La Psalette de Bruxelles (2017), Da Cagile (2020) et I Quattro Elementi (2022).<\/div>\n<\/div>\n","protected":false},"excerpt":{"rendered":"<p>Boris Kondov Chanteur et chef de choeur, Boris Kondov est n\u00e9 \u00e0 Ath (Belgique) en 1990. Apr\u00e8s des cours de formation musicale, piano et art dramatique, il d\u00e9couvre l\u2019art du &#8230;<\/p>\n","protected":false},"author":1,"featured_media":0,"parent":0,"menu_order":0,"comment_status":"closed","ping_status":"closed","template":"","meta":{"_coblocks_attr":"","_coblocks_dimensions":"","_coblocks_responsive_height":"","_coblocks_accordion_ie_support":"","footnotes":""},"_links":{"self":[{"href":"https:\/\/www.i4e.be\/index.php?rest_route=\/wp\/v2\/pages\/41"}],"collection":[{"href":"https:\/\/www.i4e.be\/index.php?rest_route=\/wp\/v2\/pages"}],"about":[{"href":"https:\/\/www.i4e.be\/index.php?rest_route=\/wp\/v2\/types\/page"}],"author":[{"embeddable":true,"href":"https:\/\/www.i4e.be\/index.php?rest_route=\/wp\/v2\/users\/1"}],"replies":[{"embeddable":true,"href":"https:\/\/www.i4e.be\/index.php?rest_route=%2Fwp%2Fv2%2Fcomments&post=41"}],"version-history":[{"count":4,"href":"https:\/\/www.i4e.be\/index.php?rest_route=\/wp\/v2\/pages\/41\/revisions"}],"predecessor-version":[{"id":2522,"href":"https:\/\/www.i4e.be\/index.php?rest_route=\/wp\/v2\/pages\/41\/revisions\/2522"}],"wp:attachment":[{"href":"https:\/\/www.i4e.be\/index.php?rest_route=%2Fwp%2Fv2%2Fmedia&parent=41"}],"curies":[{"name":"wp","href":"https:\/\/api.w.org\/{rel}","templated":true}]}}